{"id":8562,"date":"2025-01-25T10:21:50","date_gmt":"2025-01-25T10:21:50","guid":{"rendered":"https:\/\/borntoliveinthefrenchriviera.fr\/?page_id=8562"},"modified":"2025-03-18T10:03:14","modified_gmt":"2025-03-18T10:03:14","slug":"guide-pour-devenir-marchand-de-biens","status":"publish","type":"page","link":"https:\/\/agencecleprivee.com\/?page_id=8562","title":{"rendered":"Guide pour devenir marchand de biens"},"content":{"rendered":"\t\t<div data-elementor-type=\"wp-page\" data-elementor-id=\"8562\" class=\"elementor elementor-8562\" data-elementor-post-type=\"page\">\n\t\t\t\t<div class=\"elementor-element elementor-element-758f9b03 e-grid e-con-boxed e-con e-parent\" data-id=\"758f9b03\" data-element_type=\"container\" data-e-type=\"container\">\n\t\t\t\t\t<div class=\"e-con-inner\">\n\t\t\t\t<div class=\"elementor-element elementor-element-208f8596 elementor-widget elementor-widget-page-title\" data-id=\"208f8596\" data-element_type=\"widget\" data-e-type=\"widget\" data-settings=\"{&quot;align&quot;:&quot;center&quot;}\" data-widget_type=\"page-title.default\">\n\t\t\t\t<div class=\"elementor-widget-container\">\n\t\t\t\t\t\t\t\n\t\t<div class=\"hfe-page-title hfe-page-title-wrapper elementor-widget-heading\">\n\n\t\t\t\t\t\t\t\t\t\t\t<a href=\"https:\/\/agencecleprivee.com\">\n\t\t\t\t\t\t<h1 class=\"elementor-heading-title elementor-size-default\">\n\t\t\t\t\t\t\t\t\n\t\t\t\tGuide pour devenir marchand de biens  \n\t\t\t<\/h1 > \n\t\t\t\t\t\t\t\t\t<\/a>\n\t\t\t\t\t<\/div>\n\t\t\t\t\t\t<\/div>\n\t\t\t\t<\/div>\n\t\t\t\t\t<\/div>\n\t\t\t\t<\/div>\n\t\t<div class=\"elementor-element elementor-element-3e91cc97 e-flex e-con-boxed e-con e-parent\" data-id=\"3e91cc97\" data-element_type=\"container\" data-e-type=\"container\">\n\t\t\t\t\t<div class=\"e-con-inner\">\n\t\t\t\t<div class=\"elementor-element elementor-element-1c0c42a9 elementor-widget elementor-widget-text-editor\" data-id=\"1c0c42a9\" data-element_type=\"widget\" data-e-type=\"widget\" data-widget_type=\"text-editor.default\">\n\t\t\t\t<div class=\"elementor-widget-container\">\n\t\t\t\t\t\t\t\t\t\n<p><strong>Vous d\u00e9butez dans l\u2019immobilier et souhaitez devenir marchand de biens ?<\/strong><\/p>\n\n\n\n<p>Ne vous laissez pas impressionner par cette activit\u00e9 et devenez vous-m\u00eame marchand de biens. Nous allons vous aider et vous accompagner, depuis la cr\u00e9ation de votre soci\u00e9t\u00e9, dans la n\u00e9gociation du bien et jusqu\u2019\u00e0 la revente. Avec notre soutien, vous aurez les cl\u00e9s pour r\u00e9ussir dans ce domaine passionnant.<\/p>\n\n\n\n<p>Le m\u00e9tier de marchand de biens consiste \u00e0 acheter des biens immobiliers (maisons, appartements, terrains, locaux commerciaux, etc.) en vue de les revendre avec une plus-value. Cela peut inclure des r\u00e9novations, des divisions de parcelles ou des changements d\u2019usage pour valoriser les propri\u00e9t\u00e9s. Contrairement \u00e0 un agent immobilier, le marchand de biens est propri\u00e9taire des biens qu\u2019il vend.<\/p>\n\n\n\n<p>Ce m\u00e9tier n\u00e9cessite une excellente connaissance du march\u00e9 immobilier, des comp\u00e9tences en n\u00e9gociation et une capacit\u00e9 \u00e0 analyser les opportunit\u00e9s pour maximiser la rentabilit\u00e9. Les Experts de \u00ab&nbsp;Born to live in The French Riviera&nbsp;\u00bb vous expliquent les \u00e9tapes essentielles pour vous lancer en tant que marchand de Biens.<\/p>\n\n\n\n<p><strong>1. <u>Les comp\u00e9tences et qualit\u00e9 requises<\/u><\/strong><\/p>\n\n\n\n<p>Pour r\u00e9ussir en tant que marchand de biens, certaines comp\u00e9tences sont indispensables :<\/p>\n\n\n\n<p>\u2022&nbsp;<strong><u>Analyse du march\u00e9<\/u><\/strong>&nbsp;: Savoir identifier les zones \u00e0 fort potentiel.<\/p>\n\n\n\n<p>\u2022&nbsp;<strong><u>Comp\u00e9tences juridiques<\/u><\/strong>&nbsp;: Comprendre la fiscalit\u00e9, les r\u00e9glementations urbanistiques et les lois immobili\u00e8res.<\/p>\n\n\n\n<p>\u2022&nbsp;<strong>Gestion de projets<\/strong>&nbsp;: Coordonner les r\u00e9novations, n\u00e9gocier avec des artisans et g\u00e9rer les d\u00e9lais.<\/p>\n\n\n\n<p>\u2022&nbsp;<strong><u>Capacit\u00e9 financi\u00e8re<\/u><\/strong>&nbsp;: Ma\u00eetriser les co\u00fbts et obtenir des financements adapt\u00e9s.<\/p>\n\n\n\n<p>Une capacit\u00e9 \u00e0 g\u00e9rer les risques est \u00e9galement essentielle, car chaque projet comporte des incertitudes.<\/p>\n\n\n\n<p><strong>2. <u>Les \u00e9tapes administratives pour d\u00e9marrer<\/u><\/strong><\/p>\n\n\n\n<p>\u2022&nbsp;<strong><u>Cr\u00e9er une structure juridique adapt\u00e9e<\/u><\/strong>&nbsp;: La plupart des marchands de biens optent pour une soci\u00e9t\u00e9 (SARL, SAS, ou SCI). Une soci\u00e9t\u00e9 permet de mieux g\u00e9rer les op\u00e9rations et d\u2019optimiser la fiscalit\u00e9.<\/p>\n\n\n\n<p>Si vous souhaitez recevoir un&nbsp;<strong>exemple de statut de marchand de biens<\/strong>, n\u2019h\u00e9sitez pas \u00e0 contacter les&nbsp;<strong>experts de Born to Live in the French Riviera<\/strong>. Nous serons ravis de vous accompagner dans la structuration de votre projet et de r\u00e9pondre \u00e0 vos questions !<\/p>\n\n\n\n<p>\u2022&nbsp;<strong><u>S\u2019immatriculer<\/u><\/strong>&nbsp;: Vous devez vous inscrire au Registre du Commerce et des Soci\u00e9t\u00e9s (RCS) avec un objet social sp\u00e9cifiquement d\u00e9di\u00e9 \u00e0 l\u2019achat-revente de biens immobiliers.<\/p>\n\n\n\n<p>\u2022&nbsp;<strong><u>Souscrire une garantie financi\u00e8re<\/u><\/strong>&nbsp;: Certaines banques demandent une assurance pour couvrir les \u00e9ventuels litiges li\u00e9s \u00e0 vos transactions.<\/p>\n\n\n\n<p>\u2022&nbsp;<strong><u>Ouvrir un compte bancaire professionnel<\/u><\/strong>&nbsp;: Indispensable pour g\u00e9rer les finances de votre activit\u00e9.<\/p>\n\n\n\n<p><strong>3. <u>Financer vos projets<\/u><\/strong><\/p>\n\n\n\n<p>L\u2019acc\u00e8s au financement est un \u00e9l\u00e9ment cl\u00e9 pour devenir marchand de biens. Voici quelques pistes :<\/p>\n\n\n\n<p>\u2022&nbsp;<strong><u>Apport personnel<\/u><\/strong>&nbsp;: Disposer d\u2019un apport solide permet de rassurer les banques.<\/p>\n\n\n\n<p>\u2022&nbsp;<strong><u>Pr\u00eats bancaires<\/u><\/strong>&nbsp;: Les pr\u00eats immobiliers pour marchand de biens sont sp\u00e9cifiques et souvent \u00e0 court terme (12 \u00e0 24 mois).<\/p>\n\n\n\n<p>\u2022&nbsp;<strong><u>Partenariats financiers<\/u><\/strong>&nbsp;: Faire appel \u00e0 des investisseurs priv\u00e9s pour cofinancer vos op\u00e9rations peut \u00eatre une solution.<\/p>\n\n\n\n<p>Le succ\u00e8s repose sur une gestion rigoureuse des co\u00fbts et une planification minutieuse des flux de tr\u00e9sorerie.<\/p>\n\n\n\n<p><strong><u>4. Trouver et analyser les opportunit\u00e9s<\/u><\/strong><\/p>\n\n\n\n<p>\u2022&nbsp;<strong><u>\u00c9tudier les biens<\/u><\/strong>&nbsp;: Identifiez les biens \u00e0 fort potentiel, tels que ceux n\u00e9cessitant des travaux ou situ\u00e9s dans des zones en d\u00e9veloppement.<\/p>\n\n\n\n<p>\u2022&nbsp;<strong><u>Analyser les prix<\/u><\/strong>&nbsp;: Ma\u00eetrisez les prix du march\u00e9 local pour acheter en dessous de la valeur r\u00e9elle.<\/p>\n\n\n\n<p>\u2022&nbsp;<strong><u>\u00c9valuer les co\u00fbts<\/u><\/strong>&nbsp;: Pr\u00e9voyez les co\u00fbts de r\u00e9novation, de division ou de mise en conformit\u00e9.<\/p>\n\n\n\n<p>N\u2019oubliez pas de toujours laisser une marge suffisante pour couvrir les frais, les taxes et r\u00e9aliser une plus-value attractive.<\/p>\n\n\n\n<p><strong><u>5. R\u00e9nover et valoriser les biens<\/u><\/strong><\/p>\n\n\n\n<p>Une partie importante du m\u00e9tier consiste \u00e0 augmenter la valeur du bien. Cela peut inclure :<\/p>\n\n\n\n<p>\u2022&nbsp;<strong><u>R\u00e9novations<\/u><\/strong>&nbsp;: Moderniser les espaces pour r\u00e9pondre \u00e0 la demande du march\u00e9.<\/p>\n\n\n\n<p>\u2022&nbsp;<strong><u>Divisions de lots<\/u><\/strong>&nbsp;: Afin de r\u00e9aliser une plus-value, la solution est parfois de diviser un bien en plusieurs lots. Cette division permet de cr\u00e9er plus de valorisation, afin de g\u00e9n\u00e9rer une marge.&nbsp;<strong>Les experts de Born to Live in the French Riviera<\/strong>&nbsp;vous expliquent comment diviser et avec quel g\u00e9om\u00e8tre collaborer.<\/p>\n\n\n\n<p>\u2022&nbsp;<strong><u>Changement d\u2019usage<\/u><\/strong>&nbsp;: Transformer un local commercial en logement ou inversement.<\/p>\n\n\n\n<p><strong>6. <u>Les meilleures strat\u00e9gies pour g\u00e9n\u00e9rer de l\u2019argent rapidement<\/u><\/strong><\/p>\n\n\n\n<p>Pour maximiser vos profits et g\u00e9n\u00e9rer des liquidit\u00e9s rapidement, voici les strat\u00e9gies les plus efficaces :<\/p>\n\n\n\n<p>\u2022&nbsp;<strong><u>Diviser le lot<\/u><\/strong>&nbsp;: Acheter un bien de grande taille et le diviser en plusieurs unit\u00e9s permet d\u2019augmenter sa valeur globale. En revendant chaque lot s\u00e9par\u00e9ment, vous pouvez obtenir une marge plus \u00e9lev\u00e9e qu\u2019en vendant l\u2019ensemble en une seule transaction.<\/p>\n\n\n\n<p>\u2022&nbsp;<strong><u>Faire des travaux d\u2019embellissement<\/u><\/strong>&nbsp;: R\u00e9aliser des r\u00e9novations l\u00e9g\u00e8res et peu co\u00fbteuses, comme la peinture, le remplacement de sols ou l\u2019am\u00e9lioration des espaces ext\u00e9rieurs, peut augmenter la valeur per\u00e7ue d\u2019un bien sans engager des frais importants.<\/p>\n\n\n\n<p>\u2022&nbsp;<strong><u>Revendre dans l\u2019\u00e9tat<\/u><\/strong>&nbsp;: Dans certains cas, il peut \u00eatre plus int\u00e9ressant de revendre un bien tel quel, sans r\u00e9aliser aucun travail, surtout si vous avez achet\u00e9 \u00e0 un prix tr\u00e8s comp\u00e9titif. Cette strat\u00e9gie vous permet de g\u00e9n\u00e9rer des profits rapidement sans immobiliser de fonds pour des travaux.<\/p>\n\n\n\n<p>Chaque strat\u00e9gie doit \u00eatre adapt\u00e9e \u00e0 la nature du bien et au march\u00e9 local pour garantir la meilleure rentabilit\u00e9.<\/p>\n\n\n\n<p><strong>7. <u>Ma\u00eetriser la fiscalit\u00e9 et les frais de notaire<\/u><\/strong><\/p>\n\n\n\n<p>\u2022&nbsp;Les frais de notaire pour un marchand de biens sont r\u00e9duits dans certaines conditions, notamment si le bien est destin\u00e9 \u00e0 la revente sous cinq ans. Ces frais peuvent \u00eatre r\u00e9duits \u00e0 environ&nbsp;<strong>2 \u00e0 3 % du prix d\u2019achat<\/strong>, contre&nbsp;<strong>7 \u00e0 8 %<\/strong>&nbsp;pour un bien ancien.<\/p>\n\n\n\n<p>\u2022&nbsp;Vous pouvez \u00e9galement b\u00e9n\u00e9ficier de certains avantages fiscaux, comme l\u2019exon\u00e9ration de la TVA dans des cas sp\u00e9cifiques ou des droits de mutation r\u00e9duits sous certaines conditions.<\/p>\n\n\n\n<p>Faites appel \u00e0 un expert-comptable sp\u00e9cialis\u00e9 en immobilier pour optimiser votre fiscalit\u00e9 et \u00e9viter les erreurs co\u00fbteuses.<\/p>\n\n\n\n<p><strong>8. <u>Les risques \u00e0 anticiper<\/u><\/strong><\/p>\n\n\n\n<p>Comme tout m\u00e9tier, \u00eatre marchand de biens comporte des risques :<\/p>\n\n\n\n<p>\u2022&nbsp;<strong><u>Sur\u00e9valuation des co\u00fbts<\/u><\/strong>&nbsp;: Les travaux peuvent co\u00fbter plus cher que pr\u00e9vu.<\/p>\n\n\n\n<p>\u2022&nbsp;<strong><u>D\u00e9lais prolong\u00e9s<\/u><\/strong>&nbsp;: Les retards dans les r\u00e9novations ou les ventes peuvent impacter la rentabilit\u00e9.<\/p>\n\n\n\n<p>\u2022&nbsp;<strong><u>Changements de march\u00e9<\/u><\/strong>&nbsp;: Une baisse soudaine des prix de l\u2019immobilier peut r\u00e9duire vos marges.<\/p>\n\n\n\n<p>Il est essentiel d\u2019avoir une strat\u00e9gie solide pour minimiser ces risques.<\/p>\n\n\n\n<p><strong>9. <u>Vous d\u00e9butez dans l\u2019immobilier et souhaitez devenir marchand de biens ?<\/u><\/strong><\/p>\n\n\n\n<p>Ne vous laissez pas impressionner par cette activit\u00e9 et devenez vous-m\u00eame marchand de biens. Nous allons vous aider et vous accompagner, depuis la cr\u00e9ation de votre soci\u00e9t\u00e9, dans la n\u00e9gociation du bien et jusqu\u2019\u00e0 la revente. Avec notre soutien, vous aurez les cl\u00e9s pour r\u00e9ussir dans ce domaine passionnant.<\/p>\n\n\n\n<p><strong>Conclusion : un m\u00e9tier passionnant mais exigeant<\/strong><\/p>\n\n\n\n<p>Devenir marchand de biens est une activit\u00e9 lucrative pour ceux qui savent allier audace, expertise et rigueur. Avec une bonne pr\u00e9paration, une gestion intelligente des projets et une connaissance approfondie du march\u00e9 immobilier, ce m\u00e9tier peut offrir de grandes opportunit\u00e9s financi\u00e8res.<\/p>\n\t\t\t\t\t\t\t\t<\/div>\n\t\t\t\t<\/div>\n\t\t\t\t\t<\/div>\n\t\t\t\t<\/div>\n\t\t\t\t<\/div>\n\t\t","protected":false},"excerpt":{"rendered":"<p>Guide pour devenir marchand de biens Vous d\u00e9butez dans l\u2019immobilier et souhaitez devenir marchand de biens ? Ne vous laissez pas impressionner par cette activit\u00e9 et devenez vous-m\u00eame marchand de biens. Nous allons vous aider et vous accompagner, depuis la cr\u00e9ation de votre soci\u00e9t\u00e9, dans la n\u00e9gociation du bien et jusqu\u2019\u00e0 la revente. Avec notre soutien, vous aurez les cl\u00e9s pour r\u00e9ussir dans ce &#8230;<\/p>\n","protected":false},"author":1,"featured_media":0,"parent":0,"menu_order":0,"comment_status":"closed","ping_status":"closed","template":"","meta":{"inline_featured_image":false,"footnotes":""},"class_list":["post-8562","page","type-page","status-publish","hentry"],"_links":{"self":[{"href":"https:\/\/agencecleprivee.com\/index.php?rest_route=\/wp\/v2\/pages\/8562","targetHints":{"allow":["GET"]}}],"collection":[{"href":"https:\/\/agencecleprivee.com\/index.php?rest_route=\/wp\/v2\/pages"}],"about":[{"href":"https:\/\/agencecleprivee.com\/index.php?rest_route=\/wp\/v2\/types\/page"}],"author":[{"embeddable":true,"href":"https:\/\/agencecleprivee.com\/index.php?rest_route=\/wp\/v2\/users\/1"}],"replies":[{"embeddable":true,"href":"https:\/\/agencecleprivee.com\/index.php?rest_route=%2Fwp%2Fv2%2Fcomments&post=8562"}],"version-history":[{"count":4,"href":"https:\/\/agencecleprivee.com\/index.php?rest_route=\/wp\/v2\/pages\/8562\/revisions"}],"predecessor-version":[{"id":28677,"href":"https:\/\/agencecleprivee.com\/index.php?rest_route=\/wp\/v2\/pages\/8562\/revisions\/28677"}],"wp:attachment":[{"href":"https:\/\/agencecleprivee.com\/index.php?rest_route=%2Fwp%2Fv2%2Fmedia&parent=8562"}],"curies":[{"name":"wp","href":"https:\/\/api.w.org\/{rel}","templated":true}]}}