{"id":7907,"date":"2025-01-22T14:08:07","date_gmt":"2025-01-22T14:08:07","guid":{"rendered":"https:\/\/borntoliveinthefrenchriviera.fr\/?page_id=7907"},"modified":"2025-03-18T09:54:28","modified_gmt":"2025-03-18T09:54:28","slug":"creer-une-societe-pour-acheter-un-bien-immobilier","status":"publish","type":"page","link":"https:\/\/agencecleprivee.com\/?page_id=7907","title":{"rendered":"Cr\u00e9er une soci\u00e9t\u00e9 pour acheter un bien immobilier"},"content":{"rendered":"\t\t<div data-elementor-type=\"wp-page\" data-elementor-id=\"7907\" class=\"elementor elementor-7907\" data-elementor-post-type=\"page\">\n\t\t\t\t<div class=\"elementor-element elementor-element-528dcb48 e-grid e-con-boxed e-con e-parent\" data-id=\"528dcb48\" data-element_type=\"container\" data-e-type=\"container\">\n\t\t\t\t\t<div class=\"e-con-inner\">\n\t\t\t\t<div class=\"elementor-element elementor-element-5c7af9c8 elementor-widget elementor-widget-page-title\" data-id=\"5c7af9c8\" data-element_type=\"widget\" data-e-type=\"widget\" data-settings=\"{&quot;align&quot;:&quot;center&quot;}\" data-widget_type=\"page-title.default\">\n\t\t\t\t<div class=\"elementor-widget-container\">\n\t\t\t\t\t\t\t\n\t\t<div class=\"hfe-page-title hfe-page-title-wrapper elementor-widget-heading\">\n\n\t\t\t\t\t\t\t\t\t\t\t<a href=\"https:\/\/agencecleprivee.com\">\n\t\t\t\t\t\t<h1 class=\"elementor-heading-title elementor-size-default\">\n\t\t\t\t\t\t\t\t\n\t\t\t\tCr\u00e9er une soci\u00e9t\u00e9 pour acheter un bien immobilier  \n\t\t\t<\/h1 > \n\t\t\t\t\t\t\t\t\t<\/a>\n\t\t\t\t\t<\/div>\n\t\t\t\t\t\t<\/div>\n\t\t\t\t<\/div>\n\t\t\t\t\t<\/div>\n\t\t\t\t<\/div>\n\t\t<div class=\"elementor-element elementor-element-86b68db e-flex e-con-boxed e-con e-parent\" data-id=\"86b68db\" data-element_type=\"container\" data-e-type=\"container\">\n\t\t\t\t\t<div class=\"e-con-inner\">\n\t\t\t\t<div class=\"elementor-element elementor-element-f16c5e1 elementor-widget elementor-widget-text-editor\" data-id=\"f16c5e1\" data-element_type=\"widget\" data-e-type=\"widget\" data-widget_type=\"text-editor.default\">\n\t\t\t\t<div class=\"elementor-widget-container\">\n\t\t\t\t\t\t\t\t\t<p><strong><u>Bien choisir sa structure juridique pour acheter un bien immobilier<\/u><\/strong><\/p><p>Lors de l\u2019acquisition d\u2019un bien immobilier, le choix de la structure juridique est une \u00e9tape strat\u00e9gique influen\u00e7ant la gestion, la fiscalit\u00e9 et la transmission future du bien. Il est donc essentiel d\u2019\u00e9valuer soigneusement les options disponibles pour faire un choix \u00e9clair\u00e9. Les Experts \u00ab\u00a0Born to live in The French Riviera\u00a0\u00bb vous d\u00e9taillent les principales structures juridiques, leurs implications fiscales en cas de location, ainsi que les r\u00e9gimes d\u2019imposition des plus-values lors de la revente.<\/p><p><strong><u>\u00a0<\/u><\/strong><\/p><ol><li><strong><u> Les diff\u00e9rentes structures juridiques pour acqu\u00e9rir un bien immobilier<\/u><\/strong><\/li><li><strong><u> L\u2019acquisition en nom propre<\/u><\/strong><\/li><\/ol><p>Acheter en nom propre signifie acqu\u00e9rir directement en tant que particulier, sans interm\u00e9diaire juridique.<\/p><p><strong><u>Avantages :<\/u><\/strong><\/p><ul><li><strong>Simplicit\u00e9 administrative<\/strong> : Absence de formalit\u00e9s complexes.<\/li><li><strong>Co\u00fbt r\u00e9duit<\/strong> : Pas de frais li\u00e9s \u00e0 la cr\u00e9ation ou \u00e0 la gestion d\u2019une structure.<\/li><li><strong>Id\u00e9al pour un usage personnel<\/strong> : Convient pour une r\u00e9sidence principale ou secondaire.<\/li><li><strong>Exon\u00e9ration de la plus-value en cas de revente<\/strong> : La plus-value r\u00e9alis\u00e9e lors de la vente de la r\u00e9sidence principale est exon\u00e9r\u00e9e d\u2019imp\u00f4t, quelle que soit la dur\u00e9e d\u2019occupation de cette r\u00e9sidence. \u00a0<\/li><\/ul><p><strong><u>Inconv\u00e9nients :<\/u><\/strong><\/p><ul><li><strong>Responsabilit\u00e9 personnelle illimit\u00e9e<\/strong> : En cas de dettes, vos biens personnels peuvent \u00eatre engag\u00e9s.<\/li><li><strong>Complexit\u00e9 de transmission<\/strong> : La transmission patrimoniale est moins optimis\u00e9e fiscalement.<\/li><\/ul><p><strong><u>Imposition des revenus locatifs<\/u><\/strong><u> :<\/u><\/p><ul><li>Les revenus issus de la location nue sont impos\u00e9s dans la cat\u00e9gorie des revenus fonciers.<\/li><li>Les revenus provenant de la location meubl\u00e9e sont consid\u00e9r\u00e9s comme des b\u00e9n\u00e9fices industriels et commerciaux (BIC).<\/li><\/ul><p>\u00a0<\/p><ol><li><strong><u> La Soci\u00e9t\u00e9 Civile Immobili\u00e8re (SCI)<\/u><\/strong><\/li><\/ol><p>La SCI permet \u00e0 plusieurs associ\u00e9s de d\u00e9tenir et de g\u00e9rer ensemble un ou plusieurs biens immobiliers.<\/p><p><strong><u>Avantages :<\/u><\/strong><\/p><ul><li><strong>Transmission facilit\u00e9e<\/strong> : Possibilit\u00e9 de transmettre progressivement le patrimoine en c\u00e9dant des parts sociales.<\/li><li><strong>Souplesse dans la gestion<\/strong> : Personnalisation des r\u00e8gles de fonctionnement via les statuts.<\/li><li><strong>Optimisation patrimoniale<\/strong> : S\u00e9paration du patrimoine personnel et professionnel.<\/li><\/ul><p><strong><u>Inconv\u00e9nients :<\/u><\/strong><\/p><ul><li><strong>Formalit\u00e9s de cr\u00e9ation et de gestion<\/strong> : R\u00e9daction des statuts, tenue d\u2019assembl\u00e9es g\u00e9n\u00e9rales, etc.<\/li><li><strong>Responsabilit\u00e9 ind\u00e9finie des associ\u00e9s<\/strong> : Les dettes de la SCI peuvent engager leur patrimoine personnel.<\/li><\/ul><p><strong><u>Imposition des revenus locatifs :<\/u><\/strong><\/p><ul><li>Par d\u00e9faut, la SCI est soumise \u00e0 l\u2019imp\u00f4t sur le revenu (IR). Les revenus locatifs sont alors impos\u00e9s entre les associ\u00e9s proportionnellement \u00e0 leurs parts.<\/li><li>La SCI peut opter pour l\u2019imp\u00f4t sur les soci\u00e9t\u00e9s (IS), ce qui permet de d\u00e9duire davantage de charges, mais les plus-values de cession sont alors soumises \u00e0 une imposition diff\u00e9rente.<\/li><\/ul><p>\u00a0<\/p><ol><li><strong><u> La Soci\u00e9t\u00e9 \u00e0 Responsabilit\u00e9 Limit\u00e9e (SARL) de famille<\/u><\/strong><\/li><\/ol><p>Cette structure est adapt\u00e9e aux projets immobiliers \u00e0 vis\u00e9e commerciale, notamment pour la location meubl\u00e9e.<\/p><p><strong><u>Avantages :<\/u><\/strong><\/p><ul><li><strong>R\u00e9gime fiscal avantageux<\/strong> : Possibilit\u00e9 d\u2019opter pour l\u2019IR ou l\u2019IS.<\/li><li><strong>Responsabilit\u00e9 limit\u00e9e des associ\u00e9s<\/strong> : Les engagements financiers sont limit\u00e9s aux apports dans la soci\u00e9t\u00e9.<\/li><li><strong>Gestion familiale simplifi\u00e9e<\/strong> : Id\u00e9ale pour des projets en famille.<\/li><\/ul><p><strong><u>Inconv\u00e9nients :<\/u><\/strong><\/p><ul><li><strong>Complexit\u00e9 accrue<\/strong> : Cr\u00e9ation et gestion n\u00e9cessitent un suivi comptable strict.<\/li><li><strong>Obligations administratives<\/strong> : Bilan annuel obligatoire et formalit\u00e9s diverses.<\/li><\/ul><p><strong><u>Imposition des revenus locatifs :<\/u><\/strong><\/p><ul><li>Si la SARL de famille opte pour l\u2019IR, les revenus locatifs sont impos\u00e9s entre les associ\u00e9s selon leur part de participation.<\/li><li>Si elle est soumise \u00e0 l\u2019IS, la soci\u00e9t\u00e9 est impos\u00e9e sur ses b\u00e9n\u00e9fices, et les dividendes per\u00e7us par les associ\u00e9s sont soumis \u00e0 l\u2019imp\u00f4t sur le revenu.<\/li><\/ul><p>\u00a0<\/p><ol start=\"2\"><li><strong><u> Les crit\u00e8res de choix de la structure juridique<\/u><\/strong><\/li><\/ol><p>Le choix de la structure d\u00e9pend de plusieurs crit\u00e8res sp\u00e9cifiques \u00e0 votre situation :<\/p><ol><li><strong><u> Les objectifs patrimoniaux<\/u><\/strong><\/li><\/ol><ul><li>Pour une transmission facilit\u00e9e du bien immobilier \u00e0 vos h\u00e9ritiers, la SCI est souvent recommand\u00e9e.<\/li><li>Pour un usage personnel sans vis\u00e9e commerciale, l\u2019achat en nom propre peut suffire.<\/li><\/ul><p>\u00a0<\/p><ol><li><strong><u> La fiscalit\u00e9<\/u><\/strong><\/li><\/ol><ul><li><strong>Imp\u00f4t sur le revenu (IR)<\/strong> : Les revenus locatifs sont impos\u00e9s au niveau des propri\u00e9taires ou des associ\u00e9s.<\/li><li><strong>Imp\u00f4t sur les soci\u00e9t\u00e9s (IS)<\/strong> : Applicable \u00e0 certaines structures comme la SARL de famille, il peut offrir des avantages selon les revenus g\u00e9n\u00e9r\u00e9s.<\/li><\/ul><p>\u00a0<\/p><ol><li><strong><u> La responsabilit\u00e9<\/u><\/strong><\/li><\/ol><ul><li>Les structures comme la SCI impliquent une responsabilit\u00e9 ind\u00e9finie des associ\u00e9s, tandis que la SARL prot\u00e8ge les biens personnels gr\u00e2ce \u00e0 une responsabilit\u00e9 limit\u00e9e.<\/li><\/ul><p>\u00a0<\/p><ol><li><strong><u> La gestion et les formalit\u00e9s<\/u><\/strong><\/li><\/ol><ul><li>Pour une gestion simplifi\u00e9e, l\u2019achat en nom propre ou via une structure comme l\u2019Entreprise Individuelle est plus adapt\u00e9.<\/li><li>Pour une gestion plus structur\u00e9e et collaborative, une SCI ou une SARL est pr\u00e9f\u00e9rable.<\/li><\/ul><p><strong><u>\u00a0<\/u><\/strong><\/p><ol start=\"3\"><li><strong><u> Pourquoi faire appel \u00e0 des experts ?<\/u><\/strong><\/li><\/ol><p>Compte tenu des implications fiscales, juridiques et patrimoniales de votre choix, il est fortement conseill\u00e9 de consulter des professionnels, notamment :<\/p><ul><li><strong>Un notaire<\/strong> : Pour optimiser la transmission du patrimoine.<\/li><li><strong>Un conseiller juridique<\/strong> : Pour comprendre les implications des diff\u00e9rentes structures.<\/li><li><strong>Un expert-comptable<\/strong> : Pour \u00e9valuer l\u2019impact fiscal<\/li><\/ul><p>\u00a0<\/p><ol start=\"4\"><li><strong><u>Exemple pratique : Comparatif des structures juridiques<\/u><\/strong><\/li><\/ol><p>\u00a0<\/p><p>Voici un tableau r\u00e9capitulatif pour mieux comparer les principales structures juridiques en fonction de leurs crit\u00e8res :<\/p><p>\u00a0<\/p><p><strong>Crit\u00e8res<\/strong>\u00a0<strong>Nom propre<\/strong>\u00a0<strong>SCI<\/strong>\u00a0<strong>SARL de famille<\/strong><\/p><p><strong>Responsabilit\u00e9<\/strong>\u00a0Illimit\u00e9e\u00a0Ind\u00e9finie et proportionnelle aux parts\u00a0Limit\u00e9e aux apports<\/p><p><strong>Transmission<\/strong>\u00a0Complexe\u00a0Facilit\u00e9e via cession de parts sociales\u00a0Moyennement complexe<\/p><p><strong>Gestion<\/strong>\u00a0Tr\u00e8s simple\u00a0Mod\u00e9r\u00e9e\u00a0Plus complexe<\/p><p><strong>Fiscalit\u00e9 des revenus<\/strong>\u00a0IR : Revenus fonciers ou BIC\u00a0IR (par d\u00e9faut) ou IS (option)\u00a0IR (option) ou IS (par d\u00e9faut)<\/p><p><strong>Plus-value<\/strong>\u00a0Exon\u00e9ration sur r\u00e9sidence principale\u00a0Soumise au r\u00e9gime des plus-values priv\u00e9es ou professionnelles (IS)\u00a0Soumise au r\u00e9gime de l\u2019IS pour plus-values professionnelles<\/p><p><strong>Usage<\/strong>\u00a0Usage personnel\u00a0R\u00e9sidentiel\u00a0R\u00e9sidentiel ou commercial (meubl\u00e9)<\/p><p>\u00a0<\/p><ol start=\"5\"><li><strong><u>Conclusion<\/u><\/strong><\/li><\/ol><p>Le choix de la structure juridique pour l\u2019acquisition d\u2019un bien immobilier est une d\u00e9cision d\u00e9terminante qui doit \u00eatre align\u00e9e avec vos objectifs, vos contraintes fiscales et vos besoins en mati\u00e8re de gestion et de transmission.<\/p><ul><li>Si vous recherchez la simplicit\u00e9 et que l\u2019objectif est un usage personnel, l\u2019acquisition en\u00a0<strong>Nom Propre<\/strong>est g\u00e9n\u00e9ralement suffisante.<\/li><li>Pour des projets impliquant plusieurs associ\u00e9s ou une gestion patrimoniale sur le long terme, la\u00a0<strong>SCI<\/strong>est un excellent choix gr\u00e2ce \u00e0 sa souplesse et son optimisation fiscale.<\/li><li>Enfin, pour des projets commerciaux ou familiaux, notamment en location meubl\u00e9e, la\u00a0<strong>SARL de famille<\/strong>est une structure adapt\u00e9e qui offre des avantages fiscaux significatifs.<\/li><\/ul><p>\u00a0<\/p><p>Quelle que soit la structure choisie, il est essentiel d\u2019\u00eatre accompagn\u00e9 par des professionnels pour s\u00e9curiser votre projet et optimiser sa rentabilit\u00e9. Un notaire, un conseiller juridique ou fiscal, ainsi qu\u2019un expert-comptable seront vos meilleurs alli\u00e9s pour faire le bon choix d\u00e8s le d\u00e9part et \u00e9viter les \u00e9cueils \u00e0 long terme.<\/p><p>Pour toute question ou besoin d\u2019analyse approfondie, n\u2019h\u00e9sitez pas \u00e0 nous contacter.<\/p>\t\t\t\t\t\t\t\t<\/div>\n\t\t\t\t<\/div>\n\t\t\t\t\t<\/div>\n\t\t\t\t<\/div>\n\t\t\t\t<\/div>\n\t\t","protected":false},"excerpt":{"rendered":"<p>Cr\u00e9er une soci\u00e9t\u00e9 pour acheter un bien immobilier Bien choisir sa structure juridique pour acheter un bien immobilier Lors de l\u2019acquisition d\u2019un bien immobilier, le choix de la structure juridique est une \u00e9tape strat\u00e9gique influen\u00e7ant la gestion, la fiscalit\u00e9 et la transmission future du bien. Il est donc essentiel d\u2019\u00e9valuer soigneusement les options disponibles pour faire un choix \u00e9clair\u00e9. Les Experts \u00ab\u00a0Born to live &#8230;<\/p>\n","protected":false},"author":1,"featured_media":0,"parent":0,"menu_order":0,"comment_status":"closed","ping_status":"closed","template":"","meta":{"inline_featured_image":false,"footnotes":""},"class_list":["post-7907","page","type-page","status-publish","hentry"],"_links":{"self":[{"href":"https:\/\/agencecleprivee.com\/index.php?rest_route=\/wp\/v2\/pages\/7907","targetHints":{"allow":["GET"]}}],"collection":[{"href":"https:\/\/agencecleprivee.com\/index.php?rest_route=\/wp\/v2\/pages"}],"about":[{"href":"https:\/\/agencecleprivee.com\/index.php?rest_route=\/wp\/v2\/types\/page"}],"author":[{"embeddable":true,"href":"https:\/\/agencecleprivee.com\/index.php?rest_route=\/wp\/v2\/users\/1"}],"replies":[{"embeddable":true,"href":"https:\/\/agencecleprivee.com\/index.php?rest_route=%2Fwp%2Fv2%2Fcomments&post=7907"}],"version-history":[{"count":4,"href":"https:\/\/agencecleprivee.com\/index.php?rest_route=\/wp\/v2\/pages\/7907\/revisions"}],"predecessor-version":[{"id":28669,"href":"https:\/\/agencecleprivee.com\/index.php?rest_route=\/wp\/v2\/pages\/7907\/revisions\/28669"}],"wp:attachment":[{"href":"https:\/\/agencecleprivee.com\/index.php?rest_route=%2Fwp%2Fv2%2Fmedia&parent=7907"}],"curies":[{"name":"wp","href":"https:\/\/api.w.org\/{rel}","templated":true}]}}