{"id":7284,"date":"2017-06-14T07:37:02","date_gmt":"2017-06-14T07:37:02","guid":{"rendered":"http:\/\/ld-wp.template-help.com\/wordpress_62555\/handyman-sample\/?page_id=2487"},"modified":"2025-03-18T10:12:30","modified_gmt":"2025-03-18T10:12:30","slug":"about","status":"publish","type":"page","link":"https:\/\/agencecleprivee.com\/?page_id=7284","title":{"rendered":"About"},"content":{"rendered":"\t\t<div data-elementor-type=\"wp-page\" data-elementor-id=\"7284\" class=\"elementor elementor-7284\" data-elementor-post-type=\"page\">\n\t\t\t\t<div class=\"elementor-element elementor-element-484cda3d e-grid e-con-boxed e-con e-parent\" data-id=\"484cda3d\" data-element_type=\"container\" data-e-type=\"container\">\n\t\t\t\t\t<div class=\"e-con-inner\">\n\t\t\t\t<div class=\"elementor-element elementor-element-23e6e8e8 elementor-widget elementor-widget-page-title\" data-id=\"23e6e8e8\" data-element_type=\"widget\" data-e-type=\"widget\" data-settings=\"{&quot;align&quot;:&quot;center&quot;}\" data-widget_type=\"page-title.default\">\n\t\t\t\t<div class=\"elementor-widget-container\">\n\t\t\t\t\t\t\t\n\t\t<div class=\"hfe-page-title hfe-page-title-wrapper elementor-widget-heading\">\n\n\t\t\t\t\t\t\t\t\t\t\t<a href=\"https:\/\/agencecleprivee.com\">\n\t\t\t\t\t\t<h1 class=\"elementor-heading-title elementor-size-default\">\n\t\t\t\t\t\t\t\t\n\t\t\t\tAbout  \n\t\t\t<\/h1 > \n\t\t\t\t\t\t\t\t\t<\/a>\n\t\t\t\t\t<\/div>\n\t\t\t\t\t\t<\/div>\n\t\t\t\t<\/div>\n\t\t\t\t\t<\/div>\n\t\t\t\t<\/div>\n\t\t\t\t<section class=\"elementor-section elementor-top-section elementor-element elementor-element-catqurl elementor-reverse-mobile elementor-section-boxed elementor-section-height-default elementor-section-height-default\" data-id=\"catqurl\" data-element_type=\"section\" data-e-type=\"section\" data-settings=\"{&quot;background_background&quot;:&quot;classic&quot;}\">\n\t\t\t\t\t\t\t<div class=\"elementor-background-overlay\"><\/div>\n\t\t\t\t\t\t\t<div class=\"elementor-container elementor-column-gap-default\">\n\t\t\t\t\t<div class=\"elementor-column elementor-col-100 elementor-top-column elementor-element elementor-element-kygcbem\" data-id=\"kygcbem\" data-element_type=\"column\" data-e-type=\"column\">\n\t\t\t<div class=\"elementor-widget-wrap elementor-element-populated\">\n\t\t\t\t\t\t<div class=\"elementor-element elementor-element-pkfrzhk elementor-widget elementor-widget-heading\" data-id=\"pkfrzhk\" data-element_type=\"widget\" data-e-type=\"widget\" data-widget_type=\"heading.default\">\n\t\t\t\t<div class=\"elementor-widget-container\">\n\t\t\t\t\t<h1 class=\"elementor-heading-title elementor-size-default\">About Us<\/h1>\t\t\t\t<\/div>\n\t\t\t\t<\/div>\n\t\t\t\t<div class=\"elementor-element elementor-element-sbwmelj elementor-widget elementor-widget-text-editor\" data-id=\"sbwmelj\" data-element_type=\"widget\" data-e-type=\"widget\" data-widget_type=\"text-editor.default\">\n\t\t\t\t<div class=\"elementor-widget-container\">\n\t\t\t\t\t\t\t\t\t<p>Vivre, Investir, Construire<\/p>\t\t\t\t\t\t\t\t<\/div>\n\t\t\t\t<\/div>\n\t\t\t\t\t<\/div>\n\t\t<\/div>\n\t\t\t\t\t<\/div>\n\t\t<\/section>\n\t\t\t\t<section class=\"elementor-section elementor-top-section elementor-element elementor-element-pvekeqg elementor-section-boxed elementor-section-height-default elementor-section-height-default\" data-id=\"pvekeqg\" data-element_type=\"section\" data-e-type=\"section\">\n\t\t\t\t\t\t<div class=\"elementor-container elementor-column-gap-default\">\n\t\t\t\t\t<div class=\"elementor-column elementor-col-50 elementor-top-column elementor-element elementor-element-canfbkd elementor-invisible\" data-id=\"canfbkd\" data-element_type=\"column\" data-e-type=\"column\" data-settings=\"{&quot;animation&quot;:&quot;fadeInLeft&quot;}\">\n\t\t\t<div class=\"elementor-widget-wrap elementor-element-populated\">\n\t\t\t\t\t\t<div class=\"elementor-element elementor-element-dcoqwvz elementor-widget elementor-widget-image\" data-id=\"dcoqwvz\" data-element_type=\"widget\" data-e-type=\"widget\" data-widget_type=\"image.default\">\n\t\t\t\t<div class=\"elementor-widget-container\">\n\t\t\t\t\t\t\t\t\t\t\t\t\t\t\t<img fetchpriority=\"high\" decoding=\"async\" width=\"1280\" height=\"1280\" src=\"https:\/\/agencecleprivee.com\/wp-content\/uploads\/2025\/02\/WhatsApp-Image-2025-02-13-at-18.44.09-5.jpeg\" class=\"attachment-full size-full wp-image-10245\" alt=\"\" srcset=\"https:\/\/agencecleprivee.com\/wp-content\/uploads\/2025\/02\/WhatsApp-Image-2025-02-13-at-18.44.09-5.jpeg 1280w, https:\/\/agencecleprivee.com\/wp-content\/uploads\/2025\/02\/WhatsApp-Image-2025-02-13-at-18.44.09-5-300x300.jpeg 300w, https:\/\/agencecleprivee.com\/wp-content\/uploads\/2025\/02\/WhatsApp-Image-2025-02-13-at-18.44.09-5-1024x1024.jpeg 1024w, https:\/\/agencecleprivee.com\/wp-content\/uploads\/2025\/02\/WhatsApp-Image-2025-02-13-at-18.44.09-5-150x150.jpeg 150w, https:\/\/agencecleprivee.com\/wp-content\/uploads\/2025\/02\/WhatsApp-Image-2025-02-13-at-18.44.09-5-768x768.jpeg 768w, https:\/\/agencecleprivee.com\/wp-content\/uploads\/2025\/02\/WhatsApp-Image-2025-02-13-at-18.44.09-5-45x45.jpeg 45w, https:\/\/agencecleprivee.com\/wp-content\/uploads\/2025\/02\/WhatsApp-Image-2025-02-13-at-18.44.09-5-36x36.jpeg 36w\" sizes=\"(max-width: 1280px) 100vw, 1280px\" \/>\t\t\t\t\t\t\t\t\t\t\t\t\t\t\t<\/div>\n\t\t\t\t<\/div>\n\t\t\t\t\t<\/div>\n\t\t<\/div>\n\t\t\t\t<div class=\"elementor-column elementor-col-50 elementor-top-column elementor-element elementor-element-jrzewta elementor-invisible\" data-id=\"jrzewta\" data-element_type=\"column\" data-e-type=\"column\" data-settings=\"{&quot;animation&quot;:&quot;fadeInRight&quot;}\">\n\t\t\t<div class=\"elementor-widget-wrap elementor-element-populated\">\n\t\t\t\t\t\t<div class=\"elementor-element elementor-element-luybncf elementor-widget elementor-widget-heading\" data-id=\"luybncf\" data-element_type=\"widget\" data-e-type=\"widget\" data-widget_type=\"heading.default\">\n\t\t\t\t<div class=\"elementor-widget-container\">\n\t\t\t\t\t<h2 class=\"elementor-heading-title elementor-size-default\">Vivre, Investir et Construire sur la C\u00f4te d\u2019Azur<\/h2>\t\t\t\t<\/div>\n\t\t\t\t<\/div>\n\t\t\t\t<div class=\"elementor-element elementor-element-ktpuvkp elementor-widget elementor-widget-spacer\" data-id=\"ktpuvkp\" data-element_type=\"widget\" data-e-type=\"widget\" data-widget_type=\"spacer.default\">\n\t\t\t\t<div class=\"elementor-widget-container\">\n\t\t\t\t\t\t\t<div class=\"elementor-spacer\">\n\t\t\t<div class=\"elementor-spacer-inner\"><\/div>\n\t\t<\/div>\n\t\t\t\t\t\t<\/div>\n\t\t\t\t<\/div>\n\t\t\t\t<div class=\"elementor-element elementor-element-wdzautb elementor-widget elementor-widget-text-editor\" data-id=\"wdzautb\" data-element_type=\"widget\" data-e-type=\"widget\" data-widget_type=\"text-editor.default\">\n\t\t\t\t<div class=\"elementor-widget-container\">\n\t\t\t\t\t\t\t\t\t<p>Nous avons cr\u00e9\u00e9 ce guide pour vous accompagner \u00e0 chaque \u00e9tape de votre projet sur la C\u00f4te d\u2019Azur. Que vous souhaitiez vous installer, investir ou construire, notre objectif est de vous simplifier toutes les d\u00e9marches.<\/p><p>Fort de notre exp\u00e9rience, nous avons identifi\u00e9 les obstacles et difficult\u00e9s les plus courants, et nous avons su les surmonter. Ce guide est le fruit de cette expertise : une synth\u00e8se claire et pratique pour vous aider \u00e0 r\u00e9ussir votre projet en toute s\u00e9r\u00e9nit\u00e9.<\/p>\t\t\t\t\t\t\t\t<\/div>\n\t\t\t\t<\/div>\n\t\t\t\t<div class=\"elementor-element elementor-element-462210d elementor-widget elementor-widget-spacer\" data-id=\"462210d\" data-element_type=\"widget\" data-e-type=\"widget\" data-widget_type=\"spacer.default\">\n\t\t\t\t<div class=\"elementor-widget-container\">\n\t\t\t\t\t\t\t<div class=\"elementor-spacer\">\n\t\t\t<div class=\"elementor-spacer-inner\"><\/div>\n\t\t<\/div>\n\t\t\t\t\t\t<\/div>\n\t\t\t\t<\/div>\n\t\t\t\t<div class=\"elementor-element elementor-element-a04e55b elementor-tablet-align-center elementor-align-left elementor-mobile-align-center elementor-widget elementor-widget-button\" data-id=\"a04e55b\" data-element_type=\"widget\" data-e-type=\"widget\" data-widget_type=\"button.default\">\n\t\t\t\t<div class=\"elementor-widget-container\">\n\t\t\t\t\t\t\t\t\t<div class=\"elementor-button-wrapper\">\n\t\t\t\t\t<a class=\"elementor-button elementor-button-link elementor-size-md\" href=\"https:\/\/agencecleprivee.com\/\">\n\t\t\t\t\t\t<span class=\"elementor-button-content-wrapper\">\n\t\t\t\t\t\t\t\t\t<span class=\"elementor-button-text\">Home<\/span>\n\t\t\t\t\t<\/span>\n\t\t\t\t\t<\/a>\n\t\t\t\t<\/div>\n\t\t\t\t\t\t\t\t<\/div>\n\t\t\t\t<\/div>\n\t\t\t\t\t<\/div>\n\t\t<\/div>\n\t\t\t\t\t<\/div>\n\t\t<\/section>\n\t\t\t\t<section class=\"elementor-section elementor-top-section elementor-element elementor-element-6c3 elementor-section-boxed elementor-section-height-default elementor-section-height-default\" data-id=\"6c3\" data-element_type=\"section\" data-e-type=\"section\" data-settings=\"{&quot;background_background&quot;:&quot;classic&quot;}\">\n\t\t\t\t\t\t<div class=\"elementor-container elementor-column-gap-default\">\n\t\t\t\t\t<div class=\"elementor-column elementor-col-100 elementor-top-column elementor-element elementor-element-5272\" data-id=\"5272\" data-element_type=\"column\" data-e-type=\"column\">\n\t\t\t<div class=\"elementor-widget-wrap elementor-element-populated\">\n\t\t\t\t\t\t<div class=\"elementor-element elementor-element-6f28 elementor-widget elementor-widget-heading\" data-id=\"6f28\" data-element_type=\"widget\" data-e-type=\"widget\" data-widget_type=\"heading.default\">\n\t\t\t\t<div class=\"elementor-widget-container\">\n\t\t\t\t\t<h2 class=\"elementor-heading-title elementor-size-default\">Notre Equipe<\/h2>\t\t\t\t<\/div>\n\t\t\t\t<\/div>\n\t\t\t\t<div class=\"elementor-element elementor-element-3441 elementor-widget elementor-widget-text-editor\" data-id=\"3441\" data-element_type=\"widget\" data-e-type=\"widget\" data-widget_type=\"text-editor.default\">\n\t\t\t\t<div class=\"elementor-widget-container\">\n\t\t\t\t\t\t\t\t\t<p>Passionn\u00e9e par la Vie, l\u2019Investissement et la Construction.<\/p>\t\t\t\t\t\t\t\t<\/div>\n\t\t\t\t<\/div>\n\t\t\t\t<div class=\"elementor-element elementor-element-55d4 elementor-widget elementor-widget-spacer\" data-id=\"55d4\" data-element_type=\"widget\" data-e-type=\"widget\" data-widget_type=\"spacer.default\">\n\t\t\t\t<div class=\"elementor-widget-container\">\n\t\t\t\t\t\t\t<div class=\"elementor-spacer\">\n\t\t\t<div class=\"elementor-spacer-inner\"><\/div>\n\t\t<\/div>\n\t\t\t\t\t\t<\/div>\n\t\t\t\t<\/div>\n\t\t\t\t\t<\/div>\n\t\t<\/div>\n\t\t\t\t\t<\/div>\n\t\t<\/section>\n\t\t<div class=\"elementor-element elementor-element-6dd4d76 e-flex e-con-boxed e-con e-parent\" data-id=\"6dd4d76\" data-element_type=\"container\" data-e-type=\"container\">\n\t\t\t\t\t<div class=\"e-con-inner\">\n\t\t\t\t\t<\/div>\n\t\t\t\t<\/div>\n\t\t\t\t<\/div>\n\t\t","protected":false},"excerpt":{"rendered":"<p>About About Us Vivre, Investir, Construire Vivre, Investir et Construire sur la C\u00f4te d\u2019Azur Nous avons cr\u00e9\u00e9 ce guide pour vous accompagner \u00e0 chaque \u00e9tape de votre projet sur la C\u00f4te d\u2019Azur. Que vous souhaitiez vous installer, investir ou construire, notre objectif est de vous simplifier toutes les d\u00e9marches. Fort de notre exp\u00e9rience, nous avons identifi\u00e9 les obstacles et difficult\u00e9s les plus courants, et &#8230;<\/p>\n","protected":false},"author":1,"featured_media":0,"parent":0,"menu_order":0,"comment_status":"closed","ping_status":"closed","template":"","meta":{"inline_featured_image":false,"footnotes":""},"class_list":["post-7284","page","type-page","status-publish","hentry"],"_links":{"self":[{"href":"https:\/\/agencecleprivee.com\/index.php?rest_route=\/wp\/v2\/pages\/7284","targetHints":{"allow":["GET"]}}],"collection":[{"href":"https:\/\/agencecleprivee.com\/index.php?rest_route=\/wp\/v2\/pages"}],"about":[{"href":"https:\/\/agencecleprivee.com\/index.php?rest_route=\/wp\/v2\/types\/page"}],"author":[{"embeddable":true,"href":"https:\/\/agencecleprivee.com\/index.php?rest_route=\/wp\/v2\/users\/1"}],"replies":[{"embeddable":true,"href":"https:\/\/agencecleprivee.com\/index.php?rest_route=%2Fwp%2Fv2%2Fcomments&post=7284"}],"version-history":[{"count":3,"href":"https:\/\/agencecleprivee.com\/index.php?rest_route=\/wp\/v2\/pages\/7284\/revisions"}],"predecessor-version":[{"id":28709,"href":"https:\/\/agencecleprivee.com\/index.php?rest_route=\/wp\/v2\/pages\/7284\/revisions\/28709"}],"wp:attachment":[{"href":"https:\/\/agencecleprivee.com\/index.php?rest_route=%2Fwp%2Fv2%2Fmedia&parent=7284"}],"curies":[{"name":"wp","href":"https:\/\/api.w.org\/{rel}","templated":true}]}}