{"id":10151,"date":"2025-02-12T20:14:49","date_gmt":"2025-02-12T20:14:49","guid":{"rendered":"https:\/\/borntoliveinthefrenchriviera.fr\/?page_id=10151"},"modified":"2025-03-18T10:05:20","modified_gmt":"2025-03-18T10:05:20","slug":"guide-pour-mes-travaux","status":"publish","type":"page","link":"https:\/\/agencecleprivee.com\/?page_id=10151","title":{"rendered":"Guide pour mes Travaux"},"content":{"rendered":"\t\t<div data-elementor-type=\"wp-page\" data-elementor-id=\"10151\" class=\"elementor elementor-10151\" data-elementor-post-type=\"page\">\n\t\t\t\t<div class=\"elementor-element elementor-element-19472900 e-grid e-con-boxed e-con e-parent\" data-id=\"19472900\" data-element_type=\"container\" data-e-type=\"container\">\n\t\t\t\t\t<div class=\"e-con-inner\">\n\t\t\t\t<div class=\"elementor-element elementor-element-538300aa elementor-widget elementor-widget-page-title\" data-id=\"538300aa\" data-element_type=\"widget\" data-e-type=\"widget\" data-settings=\"{&quot;align&quot;:&quot;center&quot;}\" data-widget_type=\"page-title.default\">\n\t\t\t\t<div class=\"elementor-widget-container\">\n\t\t\t\t\t\t\t\n\t\t<div class=\"hfe-page-title hfe-page-title-wrapper elementor-widget-heading\">\n\n\t\t\t\t\t\t\t\t\t\t\t<a href=\"https:\/\/agencecleprivee.com\">\n\t\t\t\t\t\t<h1 class=\"elementor-heading-title elementor-size-default\">\n\t\t\t\t\t\t\t\t\n\t\t\t\tGuide pour mes Travaux  \n\t\t\t<\/h1 > \n\t\t\t\t\t\t\t\t\t<\/a>\n\t\t\t\t\t<\/div>\n\t\t\t\t\t\t<\/div>\n\t\t\t\t<\/div>\n\t\t\t\t\t<\/div>\n\t\t\t\t<\/div>\n\t\t\t\t<section class=\"elementor-section elementor-top-section elementor-element elementor-element-b387733 elementor-section-boxed elementor-section-height-default elementor-section-height-default\" data-id=\"b387733\" data-element_type=\"section\" data-e-type=\"section\" data-settings=\"{&quot;background_background&quot;:&quot;classic&quot;}\">\n\t\t\t\t\t\t\t<div class=\"elementor-background-overlay\"><\/div>\n\t\t\t\t\t\t\t<div class=\"elementor-container elementor-column-gap-default\">\n\t\t\t\t\t<div class=\"elementor-column elementor-col-100 elementor-top-column elementor-element elementor-element-30fc784\" data-id=\"30fc784\" data-element_type=\"column\" data-e-type=\"column\">\n\t\t\t<div class=\"elementor-widget-wrap elementor-element-populated\">\n\t\t\t\t\t\t<div class=\"elementor-element elementor-element-4c0f803 elementor-widget elementor-widget-heading\" data-id=\"4c0f803\" data-element_type=\"widget\" data-e-type=\"widget\" data-widget_type=\"heading.default\">\n\t\t\t\t<div class=\"elementor-widget-container\">\n\t\t\t\t\t<h1 class=\"elementor-heading-title elementor-size-default\">C\u00f4te d'Azur<\/h1>\t\t\t\t<\/div>\n\t\t\t\t<\/div>\n\t\t\t\t\t<\/div>\n\t\t<\/div>\n\t\t\t\t\t<\/div>\n\t\t<\/section>\n\t\t<div class=\"elementor-element elementor-element-3242bfa e-flex e-con-boxed e-con e-parent\" data-id=\"3242bfa\" data-element_type=\"container\" data-e-type=\"container\">\n\t\t\t\t\t<div class=\"e-con-inner\">\n\t\t\t\t<div class=\"elementor-element elementor-element-2b80ba4 elementor-widget elementor-widget-text-editor\" data-id=\"2b80ba4\" data-element_type=\"widget\" data-e-type=\"widget\" data-widget_type=\"text-editor.default\">\n\t\t\t\t<div class=\"elementor-widget-container\">\n\t\t\t\t\t\t\t\t\t<header class=\"page-header\"><\/header><div class=\"page-content\"><ol><li><strong><u> Am\u00e9nagements Int\u00e9rieurs<br \/><\/u><\/strong><br \/><strong><u>2. Am\u00e9nagements Ext\u00e9rieurs<br \/><\/u><\/strong><br \/><strong><u>3. \u00c9quipements et Confort<br \/><\/u><\/strong><br \/><strong><u>4. D\u00e9coration Int\u00e9rieure<br \/><br \/><\/u><\/strong><p><strong><u>5. Terrassement<br \/><\/u><\/strong><br \/><strong><u>6. Le Gros \u0152uvre<br \/><\/u><\/strong><br \/><strong><u>7. Menuiseries Ext\u00e9rieures<br \/><\/u><\/strong><br \/><strong><u>8. Le Second \u0152uvre<br \/><\/u><\/strong><\/p><u><\/u><u>1. Terrassement<br \/><\/u>\u2022\u00a0\u00a0\u00a0\u00a0\u00a0\u00a0 \u00c9tude du sol et viabilisation <br \/>\u2022\u00a0\u00a0\u00a0\u00a0\u00a0\u00a0 Terrassement et pr\u00e9paration du terrain<p><strong><u>2. Le Gros \u0152uvre<br \/><\/u><\/strong>\u00a0\u00a0\u00a0\u00a0\u00a0\u00a0\u00a0 \u2022\u00a0\u00a0\u00a0\u00a0\u00a0\u00a0 Fondation et soubassement<br \/>\u00a0\u00a0\u00a0\u00a0\u00a0\u00a0\u00a0 \u2022\u00a0\u00a0\u00a0\u00a0\u00a0\u00a0 Ma\u00e7onnerie et \u00e9l\u00e9vation des murs<br \/>\u00a0\u00a0\u00a0\u00a0\u00a0\u00a0\u00a0 \u2022\u00a0\u00a0\u00a0\u00a0\u00a0\u00a0 Charpente et toiture<\/p><p><strong><u>3. Menuiseries Ext\u00e9rieures<br \/><\/u><\/strong>\u00a0\u00a0\u00a0\u00a0\u00a0\u00a0\u00a0 \u2022\u00a0\u00a0\u00a0\u00a0\u00a0\u00a0 Fen\u00eatres, baies vitr\u00e9es, portes<\/p><p><strong><u>4. Le Second \u0152uvre<br \/><\/u><\/strong>\u00a0\u00a0\u00a0\u00a0\u00a0\u00a0\u00a0 \u2022\u00a0\u00a0\u00a0\u00a0\u00a0\u00a0 Isolation thermique et phonique<br \/>\u00a0\u00a0\u00a0\u00a0\u00a0\u00a0\u00a0 \u2022\u00a0\u00a0\u00a0\u00a0\u00a0\u00a0 Plomberie et installation sanitaire<br \/>\u00a0\u00a0\u00a0\u00a0\u00a0\u00a0\u00a0 \u2022\u00a0\u00a0\u00a0\u00a0\u00a0\u00a0 \u00c9lectricit\u00e9 et domotique<br \/>\u00a0\u00a0\u00a0\u00a0\u00a0\u00a0\u00a0 \u2022\u00a0\u00a0\u00a0\u00a0\u00a0\u00a0 Chauffage, climatisation et ventilation<\/p><p><strong><u>5. Am\u00e9nagements Int\u00e9rieurs<br \/><\/u><\/strong>\u00a0\u00a0\u00a0\u00a0\u00a0\u00a0\u00a0 \u2022\u00a0\u00a0\u00a0\u00a0\u00a0\u00a0 Rev\u00eatements de sol et murs (carrelage, parquet, peinture)<br \/>\u00a0\u00a0\u00a0\u00a0\u00a0\u00a0\u00a0 \u2022\u00a0\u00a0\u00a0\u00a0\u00a0\u00a0 Escaliers, garde-corps et verri\u00e8res<br \/>\u00a0\u00a0\u00a0\u00a0\u00a0\u00a0\u00a0 \u2022\u00a0\u00a0\u00a0\u00a0\u00a0\u00a0 Cuisines et salles de bain (vasques, robinetterie, rangements)<\/p><p><strong><u>6. Am\u00e9nagements Ext\u00e9rieurs<br \/><\/u><\/strong>\u00a0\u00a0\u00a0\u00a0\u00a0\u00a0\u00a0 \u2022\u00a0\u00a0\u00a0\u00a0\u00a0\u00a0 Cr\u00e9ation de terrasses et pergolas<br \/>\u00a0\u00a0\u00a0\u00a0\u00a0\u00a0\u00a0 \u2022\u00a0\u00a0\u00a0\u00a0\u00a0\u00a0 Piscine et pool house<br \/>\u00a0\u00a0\u00a0\u00a0\u00a0\u00a0\u00a0 \u2022\u00a0\u00a0\u00a0\u00a0\u00a0\u00a0 Jardin et \u00e9clairage ext\u00e9rieur<\/p><p><strong><u>7. \u00c9quipements et Confort<br \/><\/u><\/strong>\u00a0\u00a0\u00a0\u00a0\u00a0\u00a0\u00a0 \u2022\u00a0\u00a0\u00a0\u00a0\u00a0\u00a0 Ascenseurs et monte-charges<br \/>\u00a0\u00a0\u00a0\u00a0\u00a0\u00a0\u00a0 \u2022\u00a0\u00a0\u00a0\u00a0\u00a0\u00a0 Domotique et maison connect\u00e9e<br \/>\u00a0\u00a0\u00a0\u00a0\u00a0\u00a0\u00a0 \u2022\u00a0\u00a0\u00a0\u00a0\u00a0\u00a0 S\u00e9curit\u00e9 et alarme<\/p><p><strong><u>8. D\u00e9coration Int\u00e9rieure<br \/><\/u><\/strong>\u00a0\u00a0\u00a0\u00a0\u00a0\u00a0\u00a0 \u2022\u00a0\u00a0\u00a0\u00a0\u00a0\u00a0 Mobilier et agencement<br \/>\u00a0\u00a0\u00a0\u00a0\u00a0\u00a0\u00a0 \u2022\u00a0\u00a0\u00a0\u00a0\u00a0\u00a0 \u00c9clairage et mise en valeur des espaces<br \/>\u00a0\u00a0\u00a0\u00a0\u00a0\u00a0\u00a0 \u2022\u00a0\u00a0\u00a0\u00a0\u00a0\u00a0 Textiles et accessoires d\u00e9co<\/p><\/li><\/ol><\/div>\t\t\t\t\t\t\t\t<\/div>\n\t\t\t\t<\/div>\n\t\t\t\t\t<\/div>\n\t\t\t\t<\/div>\n\t\t\t\t<section class=\"elementor-section elementor-top-section elementor-element elementor-element-16deb69 elementor-section-full_width elementor-section-height-default elementor-section-height-default\" data-id=\"16deb69\" data-element_type=\"section\" data-e-type=\"section\">\n\t\t\t\t\t\t<div class=\"elementor-container elementor-column-gap-default\">\n\t\t\t\t\t<div class=\"elementor-column elementor-col-100 elementor-top-column elementor-element elementor-element-e01fe87\" data-id=\"e01fe87\" data-element_type=\"column\" data-e-type=\"column\">\n\t\t\t<div class=\"elementor-widget-wrap elementor-element-populated\">\n\t\t\t\t\t\t<div class=\"elementor-element elementor-element-5b7e2c8 elementor-align-center elementor-widget elementor-widget-button\" data-id=\"5b7e2c8\" data-element_type=\"widget\" data-e-type=\"widget\" data-widget_type=\"button.default\">\n\t\t\t\t<div class=\"elementor-widget-container\">\n\t\t\t\t\t\t\t\t\t<div class=\"elementor-button-wrapper\">\n\t\t\t\t\t<a class=\"elementor-button elementor-button-link elementor-size-sm\" href=\"https:\/\/agencecleprivee.com\/contact\/\">\n\t\t\t\t\t\t<span class=\"elementor-button-content-wrapper\">\n\t\t\t\t\t\t\t\t\t<span class=\"elementor-button-text\">CONTACTEZ - NOUS<\/span>\n\t\t\t\t\t<\/span>\n\t\t\t\t\t<\/a>\n\t\t\t\t<\/div>\n\t\t\t\t\t\t\t\t<\/div>\n\t\t\t\t<\/div>\n\t\t\t\t\t<\/div>\n\t\t<\/div>\n\t\t\t\t\t<\/div>\n\t\t<\/section>\n\t\t\t\t<\/div>\n\t\t","protected":false},"excerpt":{"rendered":"<p>Guide pour mes Travaux C\u00f4te d&rsquo;Azur Am\u00e9nagements Int\u00e9rieurs2. Am\u00e9nagements Ext\u00e9rieurs3. \u00c9quipements et Confort4. D\u00e9coration Int\u00e9rieure 5. Terrassement6. Le Gros \u0152uvre7. Menuiseries Ext\u00e9rieures8. Le Second \u0152uvre 1. Terrassement\u2022\u00a0\u00a0\u00a0\u00a0\u00a0\u00a0 \u00c9tude du sol et viabilisation \u2022\u00a0\u00a0\u00a0\u00a0\u00a0\u00a0 Terrassement et pr\u00e9paration du terrain 2. Le Gros \u0152uvre\u00a0\u00a0\u00a0\u00a0\u00a0\u00a0\u00a0 \u2022\u00a0\u00a0\u00a0\u00a0\u00a0\u00a0 Fondation et soubassement\u00a0\u00a0\u00a0\u00a0\u00a0\u00a0\u00a0 \u2022\u00a0\u00a0\u00a0\u00a0\u00a0\u00a0 Ma\u00e7onnerie et \u00e9l\u00e9vation des murs\u00a0\u00a0\u00a0\u00a0\u00a0\u00a0\u00a0 \u2022\u00a0\u00a0\u00a0\u00a0\u00a0\u00a0 Charpente et toiture 3. Menuiseries Ext\u00e9rieures\u00a0\u00a0\u00a0\u00a0\u00a0\u00a0\u00a0 \u2022\u00a0\u00a0\u00a0\u00a0\u00a0\u00a0 Fen\u00eatres, baies vitr\u00e9es, portes &#8230;<\/p>\n","protected":false},"author":1,"featured_media":0,"parent":9545,"menu_order":0,"comment_status":"closed","ping_status":"closed","template":"","meta":{"inline_featured_image":false,"footnotes":""},"class_list":["post-10151","page","type-page","status-publish","hentry"],"_links":{"self":[{"href":"https:\/\/agencecleprivee.com\/index.php?rest_route=\/wp\/v2\/pages\/10151","targetHints":{"allow":["GET"]}}],"collection":[{"href":"https:\/\/agencecleprivee.com\/index.php?rest_route=\/wp\/v2\/pages"}],"about":[{"href":"https:\/\/agencecleprivee.com\/index.php?rest_route=\/wp\/v2\/types\/page"}],"author":[{"embeddable":true,"href":"https:\/\/agencecleprivee.com\/index.php?rest_route=\/wp\/v2\/users\/1"}],"replies":[{"embeddable":true,"href":"https:\/\/agencecleprivee.com\/index.php?rest_route=%2Fwp%2Fv2%2Fcomments&post=10151"}],"version-history":[{"count":4,"href":"https:\/\/agencecleprivee.com\/index.php?rest_route=\/wp\/v2\/pages\/10151\/revisions"}],"predecessor-version":[{"id":28689,"href":"https:\/\/agencecleprivee.com\/index.php?rest_route=\/wp\/v2\/pages\/10151\/revisions\/28689"}],"up":[{"embeddable":true,"href":"https:\/\/agencecleprivee.com\/index.php?rest_route=\/wp\/v2\/pages\/9545"}],"wp:attachment":[{"href":"https:\/\/agencecleprivee.com\/index.php?rest_route=%2Fwp%2Fv2%2Fmedia&parent=10151"}],"curies":[{"name":"wp","href":"https:\/\/api.w.org\/{rel}","templated":true}]}}